{"id":399,"date":"2024-01-06T10:56:55","date_gmt":"2024-01-06T13:56:55","guid":{"rendered":"https:\/\/realmob.com.br\/?page_id=399"},"modified":"2024-01-06T23:58:48","modified_gmt":"2024-01-07T02:58:48","slug":"elementor-399","status":"publish","type":"page","link":"https:\/\/realmob.com.br\/?page_id=399","title":{"rendered":"Elementor #399"},"content":{"rendered":"\t\t<div data-elementor-type=\"wp-page\" data-elementor-id=\"399\" class=\"elementor elementor-399\" data-elementor-post-type=\"page\">\n\t\t\t\t\t\t\t\t\t<section class=\"elementor-section elementor-top-section elementor-element elementor-element-14c73f84 elementor-section-boxed elementor-section-height-default elementor-section-height-default\" data-id=\"14c73f84\" data-element_type=\"section\" data-settings=\"{&quot;background_background&quot;:&quot;classic&quot;}\">\n\t\t\t\t\t\t\t<div class=\"elementor-background-overlay\"><\/div>\n\t\t\t\t\t\t\t<div class=\"elementor-container elementor-column-gap-default\">\n\t\t\t\t\t<div class=\"elementor-column elementor-col-100 elementor-top-column elementor-element elementor-element-2091b286\" data-id=\"2091b286\" data-element_type=\"column\">\n\t\t\t<div class=\"elementor-widget-wrap elementor-element-populated\">\n\t\t\t\t\t\t\t\t<div class=\"elementor-element elementor-element-5aa34875 elementor-widget elementor-widget-jkit_heading\" data-id=\"5aa34875\" data-element_type=\"widget\" data-widget_type=\"jkit_heading.default\">\n\t\t\t\t<div class=\"elementor-widget-container\">\n\t\t\t<div  class=\"jeg-elementor-kit jkit-heading  align-left align-tablet- align-mobile- jeg_module___69e4d8442d346\" ><div class=\"heading-section-title  display-inline-block\"><h2 class=\"heading-title\">Termo de <span class=\"style-color\"><span>Uso<\/span><\/span><\/h2><\/div><\/div>\t\t<\/div>\n\t\t\t\t<\/div>\n\t\t\t\t\t<\/div>\n\t\t<\/div>\n\t\t\t\t\t\t\t<\/div>\n\t\t<\/section>\n\t\t<div class=\"elementor-element elementor-element-a010a84 e-flex e-con-boxed e-con e-parent\" data-id=\"a010a84\" data-element_type=\"container\" data-settings=\"{&quot;content_width&quot;:&quot;boxed&quot;}\" data-core-v316-plus=\"true\">\n\t\t\t\t\t<div class=\"e-con-inner\">\n\t\t\t\t<div class=\"elementor-element elementor-element-373ea304 elementor-widget elementor-widget-text-editor\" data-id=\"373ea304\" data-element_type=\"widget\" data-widget_type=\"text-editor.default\">\n\t\t\t\t<div class=\"elementor-widget-container\">\n\t\t\t<style>\/*! elementor - v3.18.0 - 20-12-2023 *\/\n.elementor-widget-text-editor.elementor-drop-cap-view-stacked .elementor-drop-cap{background-color:#69727d;color:#fff}.elementor-widget-text-editor.elementor-drop-cap-view-framed .elementor-drop-cap{color:#69727d;border:3px solid;background-color:transparent}.elementor-widget-text-editor:not(.elementor-drop-cap-view-default) .elementor-drop-cap{margin-top:8px}.elementor-widget-text-editor:not(.elementor-drop-cap-view-default) .elementor-drop-cap-letter{width:1em;height:1em}.elementor-widget-text-editor .elementor-drop-cap{float:left;text-align:center;line-height:1;font-size:50px}.elementor-widget-text-editor .elementor-drop-cap-letter{display:inline-block}<\/style>\t\t\t\t<p><!-- wp:heading --><\/p><p><span style=\"font-weight: 400;\">Estes condi\u00e7\u00f5es de uso regulam o acesso e utiliza\u00e7\u00e3o dos servi\u00e7os prestados pela REAL LOC LOCADORA DE VEICULOS E SERVI\u00c7OS LTDA pessoas jur\u00eddica de direito privado, com sede \u00e1 AV JONES DOS SANTOS NEVES N\u00ba 428 \u2013 B, FUNDOS, CEP: 29317-032 PARQUE LARANJEIRAS CACHOEIRO DE ITAPEMIRIM ES, inscrita no CNPJ: 33.779.404\/0001-84\u00a0 com inscri\u00e7\u00e3o estadual n\u00ba 83568972 e inscri\u00e7\u00e3o municipal n\u00ba 70607-3, bem como por suas coligadas e\/ou subsidi\u00e1rias, controladas direta e\/ou indiretamente,\u00a0 denominada simplesmente como \u201cREAL Mob\u201d atrav\u00e9s da plataforma tecnol\u00f3gica, em todos as suas modalidades .<\/span><\/p><p><span style=\"font-weight: 400;\">A partir de aceite digital, o usu\u00e1rio declara que leu e est\u00e1 de acordo com estes termos e condi\u00e7\u00f5es, estando ciente das normas e meios de utiliza\u00e7\u00e3o dos servi\u00e7os, os quais poder\u00e3o ser alterados a qualquer momento, entrando em vigor as altera\u00e7\u00f5es a partir da disponibiliza\u00e7\u00e3o da vers\u00e3o atualizada do aplicativo, significando a continuidade do acessos e uso dos servi\u00e7os como a concord\u00e2ncia do usu\u00e1rio aos termos alterados.<\/span><\/p><p><span style=\"font-weight: 400;\">A REAL Mob poder\u00e1 imediatamente encerrar os servi\u00e7os ou deixa de oferecer ou negar acessos aos servi\u00e7os ou a qualquer parte deles, a qualquer momento e por qualquer motivo\u00a0<\/span><\/p><h2><span style=\"font-weight: 400;\"><strong>CL\u00c1USULA PRIMEIRA- DOS SERVI\u00c7OS<\/strong>\u00a0<\/span><\/h2><p><span style=\"font-weight: 400;\">1.1 O servi\u00e7o consiste na possibilidade de o usu\u00e1rio solicitar, sob demanda, transporte de pessoas, por meio da utiliza\u00e7\u00e3o da plataforma tecnol\u00f3gica (aplicativo) denominado REAL Mob, sem garantia de disponibilidade do transporte, chegadas ou partidas pontuais.\u00a0\u00a0\u00a0\u00a0<\/span><\/p><h2><strong>CL\u00c1USULA SEGUNDA- DO ACESSO AOS SERVI\u00c7OS\u00a0<\/strong><\/h2><p><span style=\"font-weight: 400;\">2.1 O usu\u00e1rio mediante aceite aos termos e condi\u00e7\u00f5es de uso, receber\u00e1 uma licen\u00e7a n\u00e3o exclusiva e intransfer\u00edvel de acesso, uso e exibi\u00e7\u00e3o da plataforma, por meio de qualquer dispositivo compat\u00edvel.<\/span><\/p><p><span style=\"font-weight: 400;\">2.2 \u00c9 de responsabilidade do usu\u00e1rio a obten\u00e7\u00e3o do acesso \u00e0 rede de dados necess\u00e1rio para utiliza\u00e7\u00e3o dos servi\u00e7os, bem como gerir a sua conta de acesso mantendo informa\u00e7\u00f5es certas, completas e atualizadas.<\/span><\/p><p><span style=\"font-weight: 400;\">2.3 A senha de acesso e pessoal e intransfer\u00edvel, sendo de exclusiva responsabilidade do usu\u00e1rio e sua guarda e utiliza\u00e7\u00e3o, n\u00e3o podendo ser transferido a terceiros, podemos ser solicitado ao usu\u00e1rio \u00e0 comprova\u00e7\u00e3o da identidade para acessar ou usar os servi\u00e7os, e havendo recusa, o usu\u00e1rio poder\u00e1 ter seu acesso ou usa do servi\u00e7o negado.<\/span><\/p><h2><strong>CL\u00c1USULA TERCEIRAS- DO USO SERVI\u00c7OS\u00a0<\/strong><\/h2><p><span style=\"font-weight: 400;\">3.1 Os servi\u00e7os estar\u00e3o dispon\u00edveis em diferentes modalidades, de acordo com o perfil de cada um dos usu\u00e1rios, sendo necess\u00e1rio para tanto possuir pelo menos 18 (dezoito) anos para registrar-se e manter uma conta pessoal ativa, com informa\u00e7\u00f5es corretas, completas e atualizadas.<\/span><\/p><p><span style=\"font-weight: 400;\">3.2 As solicita\u00e7\u00f5es dos servi\u00e7os ser\u00e3o atendidas nos tempo m\u00e9dio estabelecidos pelos aplicativos, ressalvadas as ocorr\u00eancias que possam acarretar acr\u00e9scimos no tempo de atendimento sem que com isso a REAL Mob seja responsabilizada\/personalizada.<\/span><\/p><p><span style=\"font-weight: 400;\">3.3 O usu\u00e1rio poder\u00e1 cancelar a chamada em at\u00e9 05 (cinco) minutos, contados da data de sua programa\u00e7\u00e3o inicial, sem \u00f4nus, sendo que ap\u00f3s esse prazo ser\u00e1 devido uma taxa de cancelamento.<\/span><\/p><h2><strong>CL\u00c1USULA QUARTA- DO PRE\u00c7O E DO PAGAMENTO<\/strong><\/h2><p><span style=\"font-weight: 400;\">4.1 Os pre\u00e7os cobrado pelos servi\u00e7os ser\u00e3o aqueles indicados pelo aplicativo, no ato da solicita\u00e7\u00e3o do servi\u00e7o, podendo sofrer altera\u00e7\u00f5es nos casos em que se aplicar o adicional \u00a0 de \u00a0 espera \u00a0 e\/ou\u00a0 \u00a0 quando houver\u00a0 \u00a0 a\u00a0 \u00a0 inclus\u00e3o\/altera\u00e7\u00e3o de pontos durante o trajetos, estando o usu\u00e1rio ciente de que sobre esses valores poder\u00e3o ser inclu\u00eddos tributos, inclusive, ped\u00e1gios ou cobran\u00e7as de aeroportos, conforme o local de origem e\/ou destino da viagem.<\/span><\/p><p><span style=\"font-weight: 400;\">4.2 O usu\u00e1rio ser\u00e1 respons\u00e1vel pela repara\u00e7\u00e3o dos danos causados por ele, podendo ser cobrado uma tarifa de limpeza a crit\u00e9rios razo\u00e1vel da REAL Mob, devendo o ressarcimento desses valores ser realizados segundo a op\u00e7\u00e3o indicadas no respectivo perfil do usu\u00e1rio, e uma vez verificado que o m\u00e9todo de pagamento indicado n\u00e3o est\u00e1 ativo, n\u00e3o \u00e9 valido ou\u00a0 n\u00e3o pode ser cobrado, fica a REAL Mob autorizada a utilizar outro m\u00e9todo legal de cobran\u00e7a.<\/span><\/p><p><span style=\"font-weight: 400;\">4.3 Os pre\u00e7os ser\u00e3o cobrado automaticamente sempre que finalizada a presta\u00e7\u00e3o dos servi\u00e7os. A REAL Mob enviar\u00e1 um recibo para o E-MAIL cadastrado pelo usu\u00e1rio, devendo o pagamento desses valores ser realizado segundo a op\u00e7\u00e3o indicada no respectivo perfil, e uma vez verificado que o m\u00e9todo de pagamento indicado n\u00e3o est\u00e1 ativo, n\u00e3o \u00e9 valido ou n\u00e3o pode ser cobrado fica a REAL Mob autorizada a utilizar outro m\u00e9todo legal de cobran\u00e7a.<\/span><\/p><p><span style=\"font-weight: 400;\">4.4 Os pre\u00e7os pagos s\u00e3o finais e n\u00e3o reembols\u00e1vel, salvo disposi\u00e7\u00e3o em sentido diverso pela REAL Mob.<\/span><\/p><p><span style=\"font-weight: 400;\">4.5 Quando o cadastro do usu\u00e1rio estiver vinculado a uma pessoa jur\u00eddica, e estando o perfil do usu\u00e1rio qualificado para receber cobran\u00e7as mensais pela utiliza\u00e7\u00e3o dos servi\u00e7os, os valores ser\u00e3o cobrados ao final de cada per\u00edodo de apura\u00e7\u00e3o, mediante emiss\u00e3o de relat\u00f3rio consolidado dos servi\u00e7os prestados e a documenta\u00e7\u00e3o de cobran\u00e7a para pagamento, de acordo com a op\u00e7\u00e3o indicada no respectivo perfil, e uma vez verificado que o m\u00e9todo de pagamento indicado n\u00e3o est\u00e1 ativo, n\u00e3o \u00e9 valido ou n\u00e3o pode ser cobrado ficaa a REAL Mob autorizada a utilizar outro m\u00e9todo legal de cobran\u00e7a.<\/span><\/p><p><span style=\"font-weight: 400;\">4.6 Poder\u00e1 ocorrer a suspens\u00e3o da presta\u00e7\u00e3o dos servi\u00e7os, em caso de inadimpl\u00eancia, independentemente de previa notifica\u00e7\u00e3o podendo haver o restabelecimento dos servi\u00e7os em at\u00e9 02 (dois) dias uteis ap\u00f3s identifica\u00e7\u00e3o do correto pagamento dos valores devidos.\u00a0<\/span><\/p><h2><strong>CL\u00c1USULA QUINTA- DAS RESPONSABILIDADES\u00a0\u00a0<\/strong><\/h2><p><span style=\"font-weight: 400;\">5.1 O usu\u00e1rio responder\u00e1 pela utiliza\u00e7\u00e3o indevido do aplicativo e por eventual m\u00e1 conduta, bem como por cess\u00e3o terceiros n\u00e3o autorizados e descumprimento de obriga\u00e7\u00e3o prevista neste termo, indenizando a REAL Mob por todos os danos e preju\u00edzos ocasionados.<\/span><\/p><p><span style=\"font-weight: 400;\">\u00a0A REAL Mob responder\u00e1 por todas as despesas decorrentes, direta ou indiretamente, dos servi\u00e7os contratados, n\u00e3o se responsabilizando em raz\u00e3o do meu funcionamento do aplicativo, e\/ou ainda em raz\u00e3o de problemas decorrentes de varia\u00e7\u00e3o \/perda\/aus\u00eancia do sinal da internet e do sistema de comunica\u00e7\u00f5es eletr\u00f4nicas.<\/span><\/p><h2><strong>CL\u00c1SULA SEXTA- DAS BOAS PRATICAS\u00a0<\/strong><\/h2><p><span style=\"font-weight: 400;\">6.1\u00a0 O usu\u00e1rio declara est\u00e1 ciente e se compromete, inclusive por seus prepostos, ao cumprimento, a todos tempo, de todos os regulamentos, a todos aplic\u00e1veis, tais como mas n\u00e3o se limitados a lei antissuborno, lei anticorrup\u00e7\u00e3o e\/ ou lei sobre conflitos de interesse aplic\u00e1veis, respondendo por quaisquer preju\u00edzos ou danos ocasionados em fun\u00e7\u00e3o descumprimento da presente disposi\u00e7\u00e3o em preju\u00edzos do cancelamento da utiliza\u00e7\u00e3o\u00a0 dos servi\u00e7os.<\/span><\/p><h2><strong>CL\u00c1SULA SETIMA- DISPOSI\u00c7\u00d5ES GERAIS\u00a0<\/strong><\/h2><p><span style=\"font-weight: 400;\">7.1 Os servi\u00e7os e todos os direitos de propriedade dele decorrentes s\u00e3o e permanecer\u00e3o sendo de propriedade da REAL Mob.<\/span><\/p><p><span style=\"font-weight: 400;\">7.2 O usu\u00e1rio declara ter, na forma da lei vigente plena capacidade, diretos licen\u00e7as, consentimentos e libera\u00e7\u00f5es para a utiliza\u00e7\u00e3o dos servi\u00e7os oferecidos pela REAL Mob.<\/span><\/p><p><span style=\"font-weight: 400;\">7.3 O usu\u00e1rio n\u00e3o poder\u00e1 ceder ou transferir os direitos e obriga\u00e7\u00f5es decorrentes deste termo salvo se mediante previa e expressa autoriza\u00e7\u00e3o da REAL Mob<\/span><\/p><h2><strong>CL\u00c1USULA OITAVA \u2013 FORO<\/strong><\/h2><p><span style=\"font-weight: 400;\">8.1 Elegem as contratantes o foro da comarca de Cachoeiro de Itapemirim \u2013 ES, com renuncia expressa de qualquer outro, por mais privilegiado que seja, para dirimir quaisquer quest\u00f5es decorrentes da fiel execu\u00e7\u00e3o do presente termo.<\/span><\/p><p><!-- \/wp:paragraph --><\/p>\t\t\t\t\t\t<\/div>\n\t\t\t\t<\/div>\n\t\t\t\t\t<\/div>\n\t\t\t\t<\/div>\n\t\t\t\t<section class=\"elementor-section elementor-top-section elementor-element elementor-element-72700fad elementor-section-boxed elementor-section-height-default elementor-section-height-default\" data-id=\"72700fad\" data-element_type=\"section\" data-settings=\"{&quot;background_background&quot;:&quot;classic&quot;}\">\n\t\t\t\t\t\t\t<div class=\"elementor-background-overlay\"><\/div>\n\t\t\t\t\t\t\t<div class=\"elementor-container elementor-column-gap-default\">\n\t\t\t\t\t<div class=\"elementor-column elementor-col-100 elementor-top-column elementor-element elementor-element-78c54127\" data-id=\"78c54127\" data-element_type=\"column\">\n\t\t\t<div class=\"elementor-widget-wrap elementor-element-populated\">\n\t\t\t\t\t\t\t\t<section class=\"elementor-section elementor-inner-section elementor-element elementor-element-454c49f2 elementor-section-content-middle elementor-section-boxed elementor-section-height-default elementor-section-height-default\" data-id=\"454c49f2\" data-element_type=\"section\">\n\t\t\t\t\t\t<div class=\"elementor-container elementor-column-gap-no\">\n\t\t\t\t\t<div class=\"elementor-column elementor-col-33 elementor-inner-column elementor-element elementor-element-57b7d1cd\" data-id=\"57b7d1cd\" data-element_type=\"column\">\n\t\t\t<div class=\"elementor-widget-wrap elementor-element-populated\">\n\t\t\t\t\t\t\t\t<div class=\"elementor-element elementor-element-1ac9ff92 elementor-widget elementor-widget-heading\" data-id=\"1ac9ff92\" data-element_type=\"widget\" data-widget_type=\"heading.default\">\n\t\t\t\t<div class=\"elementor-widget-container\">\n\t\t\t<style>\/*! elementor - v3.18.0 - 20-12-2023 *\/\n.elementor-heading-title{padding:0;margin:0;line-height:1}.elementor-widget-heading .elementor-heading-title[class*=elementor-size-]>a{color:inherit;font-size:inherit;line-height:inherit}.elementor-widget-heading .elementor-heading-title.elementor-size-small{font-size:15px}.elementor-widget-heading .elementor-heading-title.elementor-size-medium{font-size:19px}.elementor-widget-heading .elementor-heading-title.elementor-size-large{font-size:29px}.elementor-widget-heading .elementor-heading-title.elementor-size-xl{font-size:39px}.elementor-widget-heading .elementor-heading-title.elementor-size-xxl{font-size:59px}<\/style><h2 class=\"elementor-heading-title elementor-size-default\">Endere\u00e7o<\/h2>\t\t<\/div>\n\t\t\t\t<\/div>\n\t\t\t\t<div class=\"elementor-element elementor-element-7a3dd4ef elementor-align-center elementor-tablet-align-center elementor-icon-list--layout-traditional elementor-list-item-link-full_width elementor-widget elementor-widget-icon-list\" data-id=\"7a3dd4ef\" data-element_type=\"widget\" data-widget_type=\"icon-list.default\">\n\t\t\t\t<div class=\"elementor-widget-container\">\n\t\t\t<link rel=\"stylesheet\" href=\"https:\/\/realmob.com.br\/wp-content\/plugins\/elementor\/assets\/css\/widget-icon-list.min.css\">\t\t<ul class=\"elementor-icon-list-items\">\n\t\t\t\t\t\t\t<li class=\"elementor-icon-list-item\">\n\t\t\t\t\t\t\t\t\t\t<span class=\"elementor-icon-list-text\">Av. Jones dos Santos Neves, 248<\/span>\n\t\t\t\t\t\t\t\t\t<\/li>\n\t\t\t\t\t\t\t\t<li class=\"elementor-icon-list-item\">\n\t\t\t\t\t\t\t\t\t\t<span class=\"elementor-icon-list-text\">Cachoeiro de Itapemirim\/ES<\/span>\n\t\t\t\t\t\t\t\t\t<\/li>\n\t\t\t\t\t\t<\/ul>\n\t\t\t\t<\/div>\n\t\t\t\t<\/div>\n\t\t\t\t\t<\/div>\n\t\t<\/div>\n\t\t\t\t<div class=\"elementor-column elementor-col-33 elementor-inner-column elementor-element elementor-element-6d6ec968\" data-id=\"6d6ec968\" data-element_type=\"column\">\n\t\t\t<div class=\"elementor-widget-wrap elementor-element-populated\">\n\t\t\t\t\t\t\t\t<div class=\"elementor-element elementor-element-78a7d48a elementor-widget elementor-widget-heading\" data-id=\"78a7d48a\" data-element_type=\"widget\" data-widget_type=\"heading.default\">\n\t\t\t\t<div class=\"elementor-widget-container\">\n\t\t\t<h2 class=\"elementor-heading-title elementor-size-default\">Suporte<\/h2>\t\t<\/div>\n\t\t\t\t<\/div>\n\t\t\t\t<div class=\"elementor-element elementor-element-654272b7 elementor-align-center elementor-tablet-align-center elementor-icon-list--layout-traditional elementor-list-item-link-full_width elementor-widget elementor-widget-icon-list\" data-id=\"654272b7\" data-element_type=\"widget\" data-widget_type=\"icon-list.default\">\n\t\t\t\t<div class=\"elementor-widget-container\">\n\t\t\t\t\t<ul class=\"elementor-icon-list-items\">\n\t\t\t\t\t\t\t<li class=\"elementor-icon-list-item\">\n\t\t\t\t\t\t\t\t\t\t<span class=\"elementor-icon-list-text\">suporte@realmob.com.br<\/span>\n\t\t\t\t\t\t\t\t\t<\/li>\n\t\t\t\t\t\t\t\t<li class=\"elementor-icon-list-item\">\n\t\t\t\t\t\t\t\t\t\t<span class=\"elementor-icon-list-text\">(28) 99252-0180<\/span>\n\t\t\t\t\t\t\t\t\t<\/li>\n\t\t\t\t\t\t<\/ul>\n\t\t\t\t<\/div>\n\t\t\t\t<\/div>\n\t\t\t\t\t<\/div>\n\t\t<\/div>\n\t\t\t\t<div class=\"elementor-column elementor-col-33 elementor-inner-column elementor-element elementor-element-5710a32e\" data-id=\"5710a32e\" data-element_type=\"column\">\n\t\t\t<div class=\"elementor-widget-wrap elementor-element-populated\">\n\t\t\t\t\t\t\t\t<div class=\"elementor-element elementor-element-5ccb0d42 elementor-widget elementor-widget-heading\" data-id=\"5ccb0d42\" data-element_type=\"widget\" data-widget_type=\"heading.default\">\n\t\t\t\t<div class=\"elementor-widget-container\">\n\t\t\t<h2 class=\"elementor-heading-title elementor-size-default\">Newsletter<\/h2>\t\t<\/div>\n\t\t\t\t<\/div>\n\t\t\t\t<div class=\"elementor-element elementor-element-729bb811 elementor-widget elementor-widget-jkit_mailchimp\" data-id=\"729bb811\" data-element_type=\"widget\" data-widget_type=\"jkit_mailchimp.default\">\n\t\t\t\t<div class=\"elementor-widget-container\">\n\t\t\t<div  class=\"jeg-elementor-kit jkit-mailchimp style-inline jeg_module__1_69e4d8443ad76\" ><form method=\"post\" class=\"jkit-mailchimp-form\" data-listed=\"\" data-success-message=\"Successfully listed this email\" data-error-message=\"Something went wrong\">\n            <div class=\"jkit-mailchimp-message\"><\/div>\n            <div class=\"jkit-form-wrapper email-form\">\n                <div class=\"jkit-mailchimp-email jkit-input-wrapper input-container\">\n            <div class=\"jkit-form-group\">\n                <div class=\"jkit-input-element-container jkit-input-group\">\n                    <input type=\"email\" name=\"email\" class=\"jkit-email jkit-form-control \" placeholder=\"Email Address\" required=\"\">\n                <\/div>\n            <\/div>\n        <\/div><div class=\"jkit-submit-input-holder jkit-input-wrapper\">\n            <button type=\"submit\" class=\"jkit-mailchimp-submit position-before\" name=\"jkit-mailchimp\">\n                <svg aria-hidden=\"true\" class=\"e-font-icon-svg e-fab-telegram-plane\" viewBox=\"0 0 448 512\" xmlns=\"http:\/\/www.w3.org\/2000\/svg\"><path d=\"M446.7 98.6l-67.6 318.8c-5.1 22.5-18.4 28.1-37.3 17.5l-103-75.9-49.7 47.8c-5.5 5.5-10.1 10.1-20.7 10.1l7.4-104.9 190.9-172.5c8.3-7.4-1.8-11.5-12.9-4.1L117.8 284 16.2 252.2c-22.1-6.9-22.5-22.1 4.6-32.7L418.2 66.4c18.4-6.9 34.5 4.1 28.5 32.2z\"><\/path><\/svg>\n            <\/button>\n        <\/div>\n            <\/div>\n        <\/form><\/div>\t\t<\/div>\n\t\t\t\t<\/div>\n\t\t\t\t\t<\/div>\n\t\t<\/div>\n\t\t\t\t\t\t\t<\/div>\n\t\t<\/section>\n\t\t\t\t<section class=\"elementor-section elementor-inner-section elementor-element elementor-element-5a17274b elementor-section-content-middle elementor-section-boxed elementor-section-height-default elementor-section-height-default\" data-id=\"5a17274b\" data-element_type=\"section\">\n\t\t\t\t\t\t<div class=\"elementor-container elementor-column-gap-no\">\n\t\t\t\t\t<div class=\"elementor-column elementor-col-33 elementor-inner-column elementor-element elementor-element-68b7c968\" data-id=\"68b7c968\" data-element_type=\"column\">\n\t\t\t<div class=\"elementor-widget-wrap elementor-element-populated\">\n\t\t\t\t\t\t\t\t<div class=\"elementor-element elementor-element-608862d elementor-widget elementor-widget-text-editor\" data-id=\"608862d\" data-element_type=\"widget\" data-widget_type=\"text-editor.default\">\n\t\t\t\t<div class=\"elementor-widget-container\">\n\t\t\t\t\t\t\t<p>\u00a9 2024 Grupo Real | Real Mob<\/p>\t\t\t\t\t\t<\/div>\n\t\t\t\t<\/div>\n\t\t\t\t\t<\/div>\n\t\t<\/div>\n\t\t\t\t<div class=\"elementor-column elementor-col-33 elementor-inner-column elementor-element elementor-element-1ec77c3e\" data-id=\"1ec77c3e\" data-element_type=\"column\">\n\t\t\t<div class=\"elementor-widget-wrap elementor-element-populated\">\n\t\t\t\t\t\t\t\t<div class=\"elementor-element elementor-element-229b62ea elementor-widget elementor-widget-image\" data-id=\"229b62ea\" data-element_type=\"widget\" data-widget_type=\"image.default\">\n\t\t\t\t<div class=\"elementor-widget-container\">\n\t\t\t<style>\/*! elementor - v3.18.0 - 20-12-2023 *\/\n.elementor-widget-image{text-align:center}.elementor-widget-image a{display:inline-block}.elementor-widget-image a img[src$=\".svg\"]{width:48px}.elementor-widget-image img{vertical-align:middle;display:inline-block}<\/style>\t\t\t\t\t\t\t\t\t\t\t\t<img decoding=\"async\" src=\"https:\/\/realmob.com.br\/wp-content\/uploads\/2024\/01\/logo_mob.svg\" class=\"attachment-full size-full wp-image-38\" alt=\"\" \/>\t\t\t\t\t\t\t\t\t\t\t\t\t\t\t<\/div>\n\t\t\t\t<\/div>\n\t\t\t\t\t<\/div>\n\t\t<\/div>\n\t\t\t\t<div class=\"elementor-column elementor-col-33 elementor-inner-column elementor-element elementor-element-2f4a084d\" data-id=\"2f4a084d\" data-element_type=\"column\">\n\t\t\t<div class=\"elementor-widget-wrap elementor-element-populated\">\n\t\t\t\t\t\t\t\t<div class=\"elementor-element elementor-element-5492dee5 elementor-icon-list--layout-inline elementor-align-right elementor-tablet-align-right elementor-mobile-align-center elementor-list-item-link-full_width elementor-widget elementor-widget-icon-list\" data-id=\"5492dee5\" data-element_type=\"widget\" data-widget_type=\"icon-list.default\">\n\t\t\t\t<div class=\"elementor-widget-container\">\n\t\t\t\t\t<ul class=\"elementor-icon-list-items elementor-inline-items\">\n\t\t\t\t\t\t\t<li class=\"elementor-icon-list-item elementor-inline-item\">\n\t\t\t\t\t\t\t\t\t\t\t<a href=\"https:\/\/realmob.com.br\/?page_id=390\">\n\n\t\t\t\t\t\t\t\t\t\t\t<span class=\"elementor-icon-list-text\">Privacidade<\/span>\n\t\t\t\t\t\t\t\t\t\t\t<\/a>\n\t\t\t\t\t\t\t\t\t<\/li>\n\t\t\t\t\t\t\t\t<li class=\"elementor-icon-list-item elementor-inline-item\">\n\t\t\t\t\t\t\t\t\t\t\t<a href=\"https:\/\/realmob.com.br\/?page_id=399\">\n\n\t\t\t\t\t\t\t\t\t\t\t<span class=\"elementor-icon-list-text\">Termo de Uso<\/span>\n\t\t\t\t\t\t\t\t\t\t\t<\/a>\n\t\t\t\t\t\t\t\t\t<\/li>\n\t\t\t\t\t\t<\/ul>\n\t\t\t\t<\/div>\n\t\t\t\t<\/div>\n\t\t\t\t\t<\/div>\n\t\t<\/div>\n\t\t\t\t\t\t\t<\/div>\n\t\t<\/section>\n\t\t\t\t\t<\/div>\n\t\t<\/div>\n\t\t\t\t\t\t\t<\/div>\n\t\t<\/section>\n\t\t\t\t\t\t\t<\/div>\n\t\t","protected":false},"excerpt":{"rendered":"<p>Termo de Uso Estes condi\u00e7\u00f5es de uso regulam o acesso e utiliza\u00e7\u00e3o dos servi\u00e7os prestados pela REAL LOC LOCADORA DE VEICULOS E SERVI\u00c7OS LTDA pessoas jur\u00eddica de direito privado, com sede \u00e1 AV JONES DOS SANTOS NEVES N\u00ba 428 \u2013 B, FUNDOS, CEP: 29317-032 PARQUE LARANJEIRAS CACHOEIRO DE ITAPEMIRIM ES, inscrita no CNPJ: 33.779.404\/0001-84\u00a0 com [&hellip;]<\/p>\n","protected":false},"author":1,"featured_media":0,"parent":0,"menu_order":0,"comment_status":"closed","ping_status":"closed","template":"elementor_header_footer","meta":{"footnotes":""},"class_list":["post-399","page","type-page","status-publish","hentry"],"_links":{"self":[{"href":"https:\/\/realmob.com.br\/index.php?rest_route=\/wp\/v2\/pages\/399","targetHints":{"allow":["GET"]}}],"collection":[{"href":"https:\/\/realmob.com.br\/index.php?rest_route=\/wp\/v2\/pages"}],"about":[{"href":"https:\/\/realmob.com.br\/index.php?rest_route=\/wp\/v2\/types\/page"}],"author":[{"embeddable":true,"href":"https:\/\/realmob.com.br\/index.php?rest_route=\/wp\/v2\/users\/1"}],"replies":[{"embeddable":true,"href":"https:\/\/realmob.com.br\/index.php?rest_route=%2Fwp%2Fv2%2Fcomments&post=399"}],"version-history":[{"count":10,"href":"https:\/\/realmob.com.br\/index.php?rest_route=\/wp\/v2\/pages\/399\/revisions"}],"predecessor-version":[{"id":611,"href":"https:\/\/realmob.com.br\/index.php?rest_route=\/wp\/v2\/pages\/399\/revisions\/611"}],"wp:attachment":[{"href":"https:\/\/realmob.com.br\/index.php?rest_route=%2Fwp%2Fv2%2Fmedia&parent=399"}],"curies":[{"name":"wp","href":"https:\/\/api.w.org\/{rel}","templated":true}]}}